{"id":629,"date":"2025-08-13T23:10:49","date_gmt":"2025-08-13T23:10:49","guid":{"rendered":"https:\/\/demos.relief.com.mx\/holfer\/?page_id=629"},"modified":"2025-09-08T19:22:18","modified_gmt":"2025-09-08T19:22:18","slug":"preparacion-fisica","status":"publish","type":"page","link":"https:\/\/demos.relief.com.mx\/holfer\/preparacion-fisica\/","title":{"rendered":"Preparaci\u00f3n f\u00edsica"},"content":{"rendered":"\t\t<div data-elementor-type=\"wp-page\" data-elementor-id=\"629\" class=\"elementor elementor-629\" data-elementor-post-type=\"page\">\n\t\t\t\t<div class=\"elementor-element elementor-element-7b2a917 e-flex e-con-boxed e-con e-parent\" data-id=\"7b2a917\" data-element_type=\"container\">\n\t\t\t\t\t<div class=\"e-con-inner\">\n\t\t<div class=\"elementor-element elementor-element-214dfa20 e-con-full e-flex e-con e-child\" data-id=\"214dfa20\" data-element_type=\"container\" data-settings=\"{&quot;background_background&quot;:&quot;gradient&quot;}\">\n\t\t<div class=\"elementor-element elementor-element-7f0bbd52 e-con-full e-flex e-con e-child\" data-id=\"7f0bbd52\" data-element_type=\"container\">\n\t\t\t\t<div class=\"elementor-element elementor-element-2bce914b elementor-icon-list--layout-traditional elementor-list-item-link-full_width elementor-invisible elementor-widget elementor-widget-icon-list\" data-id=\"2bce914b\" data-element_type=\"widget\" data-settings=\"{&quot;_animation&quot;:&quot;fadeInUp&quot;}\" data-widget_type=\"icon-list.default\">\n\t\t\t\t\t\t\t<ul class=\"elementor-icon-list-items\">\n\t\t\t\t\t\t\t<li class=\"elementor-icon-list-item\">\n\t\t\t\t\t\t\t\t\t\t\t<span class=\"elementor-icon-list-icon\">\n\t\t\t\t\t\t\t<i aria-hidden=\"true\" class=\"icon icon-stethoscope\"><\/i>\t\t\t\t\t\t<\/span>\n\t\t\t\t\t\t\t\t\t\t<span class=\"elementor-icon-list-text\">Cont\u00e1ctanos<\/span>\n\t\t\t\t\t\t\t\t\t<\/li>\n\t\t\t\t\t\t<\/ul>\n\t\t\t\t\t\t<\/div>\n\t\t\t\t<div class=\"elementor-element elementor-element-6f70943f elementor-widget-mobile__width-inherit elementor-widget__width-initial elementor-invisible elementor-widget elementor-widget-elementskit-heading\" data-id=\"6f70943f\" data-element_type=\"widget\" data-settings=\"{&quot;_animation&quot;:&quot;fadeInUp&quot;}\" data-widget_type=\"elementskit-heading.default\">\n\t\t\t\t\t<div class=\"ekit-wid-con\" ><div class=\"ekit-heading elementskit-section-title-wraper text_left   ekit_heading_tablet-   ekit_heading_mobile-\"><p class=\"ekit-heading--title elementskit-section-title \">Encuentra con nosotros los mejores <span><span>planes de entrenamiento<\/span><\/span><\/p><\/div><\/div>\t\t\t\t<\/div>\n\t\t\t\t<div class=\"elementor-element elementor-element-69e1d837 elementor-widget__width-initial elementor-invisible elementor-widget elementor-widget-text-editor\" data-id=\"69e1d837\" data-element_type=\"widget\" data-settings=\"{&quot;_animation&quot;:&quot;fadeInUp&quot;}\" data-widget_type=\"text-editor.default\">\n\t\t\t\t\t\t\t\t\t<p><span style=\"font-weight: 400;\">Dise\u00f1ados por un especialista en <\/span><b>medicina del deporte y un preparador f\u00edsico.<\/b><span style=\"font-weight: 400;\"> Te ayudamos a fortalecer tu cuerpo, aumentar tu rendimiento y prevenir lesiones con ejercicios funcionales<\/span><\/p>\t\t\t\t\t\t\t\t<\/div>\n\t\t\t\t<\/div>\n\t\t\t\t<\/div>\n\t\t\t\t\t<\/div>\n\t\t\t\t<\/div>\n\t\t<div class=\"elementor-element elementor-element-3411771 e-flex e-con-boxed e-con e-parent\" data-id=\"3411771\" data-element_type=\"container\">\n\t\t\t\t\t<div class=\"e-con-inner\">\n\t\t<div class=\"elementor-element elementor-element-7aa77c8b e-con-full e-flex e-con e-child\" data-id=\"7aa77c8b\" data-element_type=\"container\" data-settings=\"{&quot;background_background&quot;:&quot;classic&quot;}\">\n\t\t<div class=\"elementor-element elementor-element-1f35d831 e-con-full e-flex e-con e-child\" data-id=\"1f35d831\" data-element_type=\"container\" data-settings=\"{&quot;background_background&quot;:&quot;classic&quot;}\">\n\t\t\t\t<\/div>\n\t\t<div class=\"elementor-element elementor-element-169d3101 e-con-full e-flex elementor-invisible e-con e-child\" data-id=\"169d3101\" data-element_type=\"container\" data-settings=\"{&quot;animation&quot;:&quot;fadeInLeft&quot;,&quot;animation_delay&quot;:100}\">\n\t\t\t\t<div class=\"elementor-element elementor-element-6212c362 elementor-position-top elementor-widget elementor-widget-image-box\" data-id=\"6212c362\" data-element_type=\"widget\" data-widget_type=\"image-box.default\">\n\t\t\t\t\t<div class=\"elementor-image-box-wrapper\"><figure class=\"elementor-image-box-img\"><img decoding=\"async\" width=\"48\" height=\"48\" src=\"https:\/\/demos.relief.com.mx\/holfer\/wp-content\/uploads\/2025\/08\/Pill-31.png\" class=\"attachment-full size-full wp-image-358\" alt=\"\" \/><\/figure><div class=\"elementor-image-box-content\"><h3 class=\"elementor-image-box-title\">Acompa\u00f1amiento profesional para tu entrenamiento<\/h3><\/div><\/div>\t\t\t\t<\/div>\n\t\t\t\t<div class=\"elementor-element elementor-element-450da182 elementor-widget elementor-widget-text-editor\" data-id=\"450da182\" data-element_type=\"widget\" data-widget_type=\"text-editor.default\">\n\t\t\t\t\t\t\t\t\t<p><span style=\"font-weight: 400;\">Nos aseguramos de cuidar tu salud al monitorear que cada ejercicio est\u00e9 correctamente ejecutado y adaptado a tus necesidades f\u00edsicas.\u00a0<\/span><\/p><p><span style=\"font-weight: 400;\">Tendr\u00e1s el respaldo de un equipo de <\/span><b>especialistas en rehabilitaci\u00f3n, medicina del deporte y fisioterapia<\/b><span style=\"font-weight: 400;\"> para guiarte en todas las etapas de tu entrenamiento. <\/span><\/p>\t\t\t\t\t\t\t\t<\/div>\n\t\t\t\t<div class=\"elementor-element elementor-element-615755a elementor-widget-divider--view-line elementor-widget elementor-widget-divider\" data-id=\"615755a\" data-element_type=\"widget\" data-widget_type=\"divider.default\">\n\t\t\t\t\t\t\t<div class=\"elementor-divider\">\n\t\t\t<span class=\"elementor-divider-separator\">\n\t\t\t\t\t\t<\/span>\n\t\t<\/div>\n\t\t\t\t\t\t<\/div>\n\t\t\t\t<div class=\"elementor-element elementor-element-360b41d4 elementor-align-justify elementor-widget elementor-widget-button\" data-id=\"360b41d4\" data-element_type=\"widget\" data-widget_type=\"button.default\">\n\t\t\t\t\t\t\t\t\t\t<a class=\"elementor-button elementor-button-link elementor-size-sm\" href=\"https:\/\/demos.relief.com.mx\/holfer\/contacto\/\">\n\t\t\t\t\t\t<span class=\"elementor-button-content-wrapper\">\n\t\t\t\t\t\t<span class=\"elementor-button-icon\">\n\t\t\t\t<i aria-hidden=\"true\" class=\"rtmicon rtmicon-arrow-up-right\"><\/i>\t\t\t<\/span>\n\t\t\t\t\t\t\t\t\t<span class=\"elementor-button-text\">Comienza tu entrenamiento<\/span>\n\t\t\t\t\t<\/span>\n\t\t\t\t\t<\/a>\n\t\t\t\t\t\t\t\t<\/div>\n\t\t\t\t<\/div>\n\t\t\t\t<\/div>\n\t\t\t\t\t<\/div>\n\t\t\t\t<\/div>\n\t\t<div class=\"elementor-element elementor-element-5274d316 e-flex e-con-boxed e-con e-parent\" data-id=\"5274d316\" data-element_type=\"container\" data-settings=\"{&quot;background_background&quot;:&quot;classic&quot;}\">\n\t\t\t\t\t<div class=\"e-con-inner\">\n\t\t<div class=\"elementor-element elementor-element-38d80bf0 e-con-full e-flex e-con e-child\" data-id=\"38d80bf0\" data-element_type=\"container\">\n\t\t\t\t<div class=\"elementor-element elementor-element-1e642f35 elementor-widget__width-initial elementor-widget-mobile__width-inherit elementor-invisible elementor-widget elementor-widget-heading\" data-id=\"1e642f35\" data-element_type=\"widget\" data-settings=\"{&quot;_animation&quot;:&quot;fadeInLeft&quot;}\" data-widget_type=\"heading.default\">\n\t\t\t\t\t<h2 class=\"elementor-heading-title elementor-size-default\">Tipos de planes de entrenamiento<\/h2>\t\t\t\t<\/div>\n\t\t\t\t<div class=\"elementor-element elementor-element-4b02e228 elementor-widget__width-initial elementor-widget-mobile__width-inherit elementor-invisible elementor-widget elementor-widget-text-editor\" data-id=\"4b02e228\" data-element_type=\"widget\" data-settings=\"{&quot;_animation&quot;:&quot;fadeInRight&quot;,&quot;_animation_delay&quot;:100}\" data-widget_type=\"text-editor.default\">\n\t\t\t\t\t\t\t\t\t<p><span style=\"font-weight: 400;\">Adaptamos los<\/span><b> planes de entrenamiento<\/b><span style=\"font-weight: 400;\"> a cualquier persona que busque mejorar su condici\u00f3n f\u00edsica, recuperar su movilidad o alcanzar alg\u00fan objetivo deportivo espec\u00edfico.<\/span><\/p>\t\t\t\t\t\t\t\t<\/div>\n\t\t\t\t<\/div>\n\t\t<div class=\"elementor-element elementor-element-40f1e309 e-grid e-con-full e-con e-child\" data-id=\"40f1e309\" data-element_type=\"container\">\n\t\t\t\t<div class=\"elementor-element elementor-element-62452e61 ekit-equal-height-enable elementor-invisible elementor-widget elementor-widget-elementskit-image-box\" data-id=\"62452e61\" data-element_type=\"widget\" data-settings=\"{&quot;_animation&quot;:&quot;fadeInUp&quot;}\" data-widget_type=\"elementskit-image-box.default\">\n\t\t\t\t\t<div class=\"ekit-wid-con\" >\n            <div class=\"elementskit-info-image-box ekit-image-box text-left style-sideline\" >\n\n                \n                <div class=\"elementskit-box-header image-box-img-left\">\n\n                    <img decoding=\"async\" width=\"150\" height=\"150\" src=\"https:\/\/demos.relief.com.mx\/holfer\/wp-content\/uploads\/2025\/09\/Holfer-19-150x150.png\" class=\"attachment-thumbnail size-thumbnail wp-image-1120\" alt=\"\" srcset=\"https:\/\/demos.relief.com.mx\/holfer\/wp-content\/uploads\/2025\/09\/Holfer-19-150x150.png 150w, https:\/\/demos.relief.com.mx\/holfer\/wp-content\/uploads\/2025\/09\/Holfer-19-300x300.png 300w, https:\/\/demos.relief.com.mx\/holfer\/wp-content\/uploads\/2025\/09\/Holfer-19-1024x1024.png 1024w, https:\/\/demos.relief.com.mx\/holfer\/wp-content\/uploads\/2025\/09\/Holfer-19-768x768.png 768w, https:\/\/demos.relief.com.mx\/holfer\/wp-content\/uploads\/2025\/09\/Holfer-19.png 1080w\" sizes=\"(max-width: 150px) 100vw, 150px\" \/>\n                <\/div>\n                \n                <div class=\"elementskit-box-body ekit-image-box-body\">\n                    <div class=\"elementskit-box-content ekit-image-box-body-inner\">\n                                                <h3 class=\"elementskit-info-box-title\">\n\n                        Planes de entrenamiento para deportistas\n                        \n                    <\/h3>\n                                                            <div class=\"elementskit-box-style-content\">\n                        Mejora tu rendimiento con rutinas enfocadas en fuerza, resistencia, agilidad y prevenci\u00f3n de lesiones. Ayudamos a alcanzar tu m\u00e1ximo potencial con apoyo especializado. \n                    <\/div>\n                                    <\/div>\n\n                            <\/div>\n            <\/div>\n    <\/div>\t\t\t\t<\/div>\n\t\t\t\t<div class=\"elementor-element elementor-element-fab1495 ekit-equal-height-enable elementor-invisible elementor-widget elementor-widget-elementskit-image-box\" data-id=\"fab1495\" data-element_type=\"widget\" data-settings=\"{&quot;_animation&quot;:&quot;fadeInUp&quot;}\" data-widget_type=\"elementskit-image-box.default\">\n\t\t\t\t\t<div class=\"ekit-wid-con\" >\n            <div class=\"elementskit-info-image-box ekit-image-box text-left style-sideline\" >\n\n                \n                <div class=\"elementskit-box-header image-box-img-left\">\n\n                    <img decoding=\"async\" width=\"150\" height=\"150\" src=\"https:\/\/demos.relief.com.mx\/holfer\/wp-content\/uploads\/2025\/09\/Holfer-19-150x150.png\" class=\"attachment-thumbnail size-thumbnail wp-image-1120\" alt=\"\" srcset=\"https:\/\/demos.relief.com.mx\/holfer\/wp-content\/uploads\/2025\/09\/Holfer-19-150x150.png 150w, https:\/\/demos.relief.com.mx\/holfer\/wp-content\/uploads\/2025\/09\/Holfer-19-300x300.png 300w, https:\/\/demos.relief.com.mx\/holfer\/wp-content\/uploads\/2025\/09\/Holfer-19-1024x1024.png 1024w, https:\/\/demos.relief.com.mx\/holfer\/wp-content\/uploads\/2025\/09\/Holfer-19-768x768.png 768w, https:\/\/demos.relief.com.mx\/holfer\/wp-content\/uploads\/2025\/09\/Holfer-19.png 1080w\" sizes=\"(max-width: 150px) 100vw, 150px\" \/>\n                <\/div>\n                \n                <div class=\"elementskit-box-body ekit-image-box-body\">\n                    <div class=\"elementskit-box-content ekit-image-box-body-inner\">\n                                                <h3 class=\"elementskit-info-box-title\">\n\n                        Planes de entrenamiento para rehabilitaci\u00f3n f\u00edsica\n                        \n                    <\/h3>\n                                                            <div class=\"elementskit-box-style-content\">\n                        Dise\u00f1ados para personas en recuperaci\u00f3n de lesiones o cirug\u00edas. Combinamos el ejercicio terap\u00e9utico con fisioterapia para restaurar la movilidad y reducir el dolor de manera segura.\n                    <\/div>\n                                    <\/div>\n\n                            <\/div>\n            <\/div>\n    <\/div>\t\t\t\t<\/div>\n\t\t\t\t<div class=\"elementor-element elementor-element-2f3b06b ekit-equal-height-enable elementor-invisible elementor-widget elementor-widget-elementskit-image-box\" data-id=\"2f3b06b\" data-element_type=\"widget\" data-settings=\"{&quot;_animation&quot;:&quot;fadeInUp&quot;}\" data-widget_type=\"elementskit-image-box.default\">\n\t\t\t\t\t<div class=\"ekit-wid-con\" >\n            <div class=\"elementskit-info-image-box ekit-image-box text-left style-sideline\" >\n\n                \n                <div class=\"elementskit-box-header image-box-img-left\">\n\n                    <img decoding=\"async\" width=\"150\" height=\"150\" src=\"https:\/\/demos.relief.com.mx\/holfer\/wp-content\/uploads\/2025\/09\/Holfer-19-150x150.png\" class=\"attachment-thumbnail size-thumbnail wp-image-1120\" alt=\"\" srcset=\"https:\/\/demos.relief.com.mx\/holfer\/wp-content\/uploads\/2025\/09\/Holfer-19-150x150.png 150w, https:\/\/demos.relief.com.mx\/holfer\/wp-content\/uploads\/2025\/09\/Holfer-19-300x300.png 300w, https:\/\/demos.relief.com.mx\/holfer\/wp-content\/uploads\/2025\/09\/Holfer-19-1024x1024.png 1024w, https:\/\/demos.relief.com.mx\/holfer\/wp-content\/uploads\/2025\/09\/Holfer-19-768x768.png 768w, https:\/\/demos.relief.com.mx\/holfer\/wp-content\/uploads\/2025\/09\/Holfer-19.png 1080w\" sizes=\"(max-width: 150px) 100vw, 150px\" \/>\n                <\/div>\n                \n                <div class=\"elementskit-box-body ekit-image-box-body\">\n                    <div class=\"elementskit-box-content ekit-image-box-body-inner\">\n                                                <h3 class=\"elementskit-info-box-title\">\n\n                        Planes de entrenamiento para adultos mayores\n                        \n                    <\/h3>\n                                                            <div class=\"elementskit-box-style-content\">\n                        Rutinas adaptadas para promover el equilibrio, fuerza y movilidad en personas mayores. Seleccionadas para reducir el riesgo de ca\u00eddas con ejercicios seguros y progresivos. \n\n                    <\/div>\n                                    <\/div>\n\n                            <\/div>\n            <\/div>\n    <\/div>\t\t\t\t<\/div>\n\t\t\t\t<\/div>\n\t\t\t\t\t<\/div>\n\t\t\t\t<\/div>\n\t\t<div class=\"elementor-element elementor-element-4869a3cb e-con-full e-flex e-con e-parent\" data-id=\"4869a3cb\" data-element_type=\"container\">\n\t\t\t\t<div class=\"elementor-element elementor-element-57a0e34d elementor-widget__width-initial elementor-invisible elementor-widget elementor-widget-heading\" data-id=\"57a0e34d\" data-element_type=\"widget\" data-settings=\"{&quot;_animation&quot;:&quot;fadeInUp&quot;}\" data-widget_type=\"heading.default\">\n\t\t\t\t\t<h2 class=\"elementor-heading-title elementor-size-default\">Entrenamientos seguros y efectivos<\/h2>\t\t\t\t<\/div>\n\t\t\t\t<div class=\"elementor-element elementor-element-fd361cf elementor-widget__width-initial elementor-invisible elementor-widget elementor-widget-text-editor\" data-id=\"fd361cf\" data-element_type=\"widget\" data-settings=\"{&quot;_animation&quot;:&quot;fadeInUp&quot;}\" data-widget_type=\"text-editor.default\">\n\t\t\t\t\t\t\t\t\t<p><span style=\"font-weight: 400;\">Con nuestro acompa\u00f1amiento constante aprender\u00e1s a entrenar de forma estrat\u00e9gica al <\/span><b>corregir posturas incorrectas y perfeccionar tus movimientos <\/b><span style=\"font-weight: 400;\">para reducir significativamente el riesgo de lesiones.\u00a0<\/span><\/p>\t\t\t\t\t\t\t\t<\/div>\n\t\t\t\t<\/div>\n\t\t<div class=\"elementor-element elementor-element-3997b6e e-flex e-con-boxed e-con e-parent\" data-id=\"3997b6e\" data-element_type=\"container\">\n\t\t\t\t\t<div class=\"e-con-inner\">\n\t\t<div class=\"elementor-element elementor-element-af2bff4 e-con-full e-flex e-con e-child\" data-id=\"af2bff4\" data-element_type=\"container\" data-settings=\"{&quot;background_background&quot;:&quot;classic&quot;}\">\n\t\t<div class=\"elementor-element elementor-element-193c411 e-con-full e-flex e-con e-child\" data-id=\"193c411\" data-element_type=\"container\" data-settings=\"{&quot;background_background&quot;:&quot;classic&quot;}\">\n\t\t\t\t<\/div>\n\t\t<div class=\"elementor-element elementor-element-cc4a3af e-con-full e-flex elementor-invisible e-con e-child\" data-id=\"cc4a3af\" data-element_type=\"container\" data-settings=\"{&quot;animation&quot;:&quot;fadeInLeft&quot;,&quot;animation_delay&quot;:100}\">\n\t\t\t\t<div class=\"elementor-element elementor-element-89b952b elementor-position-top elementor-widget elementor-widget-image-box\" data-id=\"89b952b\" data-element_type=\"widget\" data-widget_type=\"image-box.default\">\n\t\t\t\t\t<div class=\"elementor-image-box-wrapper\"><figure class=\"elementor-image-box-img\"><img decoding=\"async\" width=\"48\" height=\"48\" src=\"https:\/\/demos.relief.com.mx\/holfer\/wp-content\/uploads\/2025\/08\/Pill-31.png\" class=\"attachment-full size-full wp-image-358\" alt=\"\" \/><\/figure><div class=\"elementor-image-box-content\"><h3 class=\"elementor-image-box-title\">Obt\u00e9n tu plan de entrenamiento personalizado<\/h3><\/div><\/div>\t\t\t\t<\/div>\n\t\t\t\t<div class=\"elementor-element elementor-element-c4fed90 elementor-widget elementor-widget-text-editor\" data-id=\"c4fed90\" data-element_type=\"widget\" data-widget_type=\"text-editor.default\">\n\t\t\t\t\t\t\t\t\t<p><span style=\"font-weight: 400;\">Comienza a entrenar con objetivos claros y de la mano de profesionales que cuidar\u00e1n de tu salud. En <\/span><b>Holfer<\/b><span style=\"font-weight: 400;\"> te ofrecemos planes a tu medida dise\u00f1ados para optimizar tu rendimiento.\u00a0<\/span><\/p><p><span style=\"font-weight: 400;\">Ponte en contacto y te daremos m\u00e1s informaci\u00f3n sobre el tipo de entrenamiento que se adecue a tu estilo de vida.\u00a0<\/span><\/p>\t\t\t\t\t\t\t\t<\/div>\n\t\t\t\t<div class=\"elementor-element elementor-element-43256c1 elementor-widget-divider--view-line elementor-widget elementor-widget-divider\" data-id=\"43256c1\" data-element_type=\"widget\" data-widget_type=\"divider.default\">\n\t\t\t\t\t\t\t<div class=\"elementor-divider\">\n\t\t\t<span class=\"elementor-divider-separator\">\n\t\t\t\t\t\t<\/span>\n\t\t<\/div>\n\t\t\t\t\t\t<\/div>\n\t\t\t\t<div class=\"elementor-element elementor-element-1ade313 elementor-align-justify elementor-widget elementor-widget-button\" data-id=\"1ade313\" data-element_type=\"widget\" data-widget_type=\"button.default\">\n\t\t\t\t\t\t\t\t\t\t<a class=\"elementor-button elementor-button-link elementor-size-sm\" href=\"https:\/\/demos.relief.com.mx\/holfer\/contacto\/\">\n\t\t\t\t\t\t<span class=\"elementor-button-content-wrapper\">\n\t\t\t\t\t\t<span class=\"elementor-button-icon\">\n\t\t\t\t<i aria-hidden=\"true\" class=\"rtmicon rtmicon-arrow-up-right\"><\/i>\t\t\t<\/span>\n\t\t\t\t\t\t\t\t\t<span class=\"elementor-button-text\">Cont\u00e1ctanos<\/span>\n\t\t\t\t\t<\/span>\n\t\t\t\t\t<\/a>\n\t\t\t\t\t\t\t\t<\/div>\n\t\t\t\t<\/div>\n\t\t\t\t<\/div>\n\t\t\t\t\t<\/div>\n\t\t\t\t<\/div>\n\t\t\t\t<\/div>\n\t\t","protected":false},"excerpt":{"rendered":"<p>Cont\u00e1ctanos Encuentra con nosotros los mejores planes de entrenamiento Dise\u00f1ados por un especialista en medicina del deporte y un preparador f\u00edsico. Te ayudamos a fortalecer tu cuerpo, aumentar tu rendimiento y prevenir lesiones con ejercicios funcionales Acompa\u00f1amiento profesional para tu entrenamiento Nos aseguramos de cuidar tu salud al monitorear que cada ejercicio est\u00e9 correctamente ejecutado [&hellip;]<\/p>\n","protected":false},"author":1,"featured_media":0,"parent":0,"menu_order":0,"comment_status":"closed","ping_status":"closed","template":"","meta":{"inline_featured_image":false,"_joinchat":[],"footnotes":""},"class_list":["post-629","page","type-page","status-publish","hentry"],"_links":{"self":[{"href":"https:\/\/demos.relief.com.mx\/holfer\/wp-json\/wp\/v2\/pages\/629","targetHints":{"allow":["GET"]}}],"collection":[{"href":"https:\/\/demos.relief.com.mx\/holfer\/wp-json\/wp\/v2\/pages"}],"about":[{"href":"https:\/\/demos.relief.com.mx\/holfer\/wp-json\/wp\/v2\/types\/page"}],"author":[{"embeddable":true,"href":"https:\/\/demos.relief.com.mx\/holfer\/wp-json\/wp\/v2\/users\/1"}],"replies":[{"embeddable":true,"href":"https:\/\/demos.relief.com.mx\/holfer\/wp-json\/wp\/v2\/comments?post=629"}],"version-history":[{"count":25,"href":"https:\/\/demos.relief.com.mx\/holfer\/wp-json\/wp\/v2\/pages\/629\/revisions"}],"predecessor-version":[{"id":1133,"href":"https:\/\/demos.relief.com.mx\/holfer\/wp-json\/wp\/v2\/pages\/629\/revisions\/1133"}],"wp:attachment":[{"href":"https:\/\/demos.relief.com.mx\/holfer\/wp-json\/wp\/v2\/media?parent=629"}],"curies":[{"name":"wp","href":"https:\/\/api.w.org\/{rel}","templated":true}]}}